{"id":119,"date":"2023-07-28T16:07:32","date_gmt":"2023-07-28T19:07:32","guid":{"rendered":"https:\/\/cromatec.com.br\/?post_type=product&#038;p=119"},"modified":"2023-07-31T11:24:17","modified_gmt":"2023-07-31T14:24:17","slug":"pinnacle-pcx","status":"publish","type":"product","link":"https:\/\/cromatec.com.br\/index.php\/product\/pinnacle-pcx\/","title":{"rendered":"Pinnacle PCX"},"content":{"rendered":"<p>O Pinnacle PCX S\u00e9rie \u00e9 um otimizador de sistema de Derivatiza\u00e7\u00e3o P\u00f3s-coluna de HPLC para an\u00e1lises de amino\u00e1cidos, carbamatos, micotoxinas, antibi\u00f3ticos e muitas outras aplica\u00e7\u00f5es. Este instrumento completamente novo \u00e9 resultado de 25 anos de experi\u00eancia da Pickering Laboratories em fabrica\u00e7\u00e3o de produtos para an\u00e1lises de p\u00f3s-coluna. Cada componente \u00e9 especialmente desenvolvido para aperfei\u00e7oar a sensibilidade e seletividade de an\u00e1lises de p\u00f3s-coluna.<\/p>\n<p>O Pinnacle PCX reflete a facilidade de uso, confian\u00e7a e resist\u00eancia que voc\u00ea poderia esperar da Pickering Laboratories.<\/p>\n<p>Resultado avan\u00e7ado do projeto em an\u00e1lises otimizadas:<\/p>\n<p>\u2022 A bomba da seringa controlada eletronicamente oferece fluxo sem pulso para sensibilidade e robustez. O cilindro e a cabe\u00e7a da bomba s\u00e3o feitos de uma pe\u00e7a \u00fanica de cer\u00e2mica inerte para durabilidade e n\u00e3o-reatividade.<\/p>\n<p>\u2022 V\u00e1lvulas eletr\u00f4nicas eliminam as inc\u00f4modas checagens de v\u00e1lvulas e permitem um fluxo homog\u00eaneo.<br \/>\n\u2022 A c\u00e2mara do reator de troca r\u00e1pida faz com que as trocas de aplica\u00e7\u00f5es sejam r\u00e1pidas e baratas.<br \/>\n\u2022 O Forno de Coluna utiliza circula\u00e7\u00e3o de ar para melhor homogeneidade e rapidez de aquecimento.<br \/>\n\u2022 A passagem de fluxo inerte estende a vida do sistema e reduz as manuten\u00e7\u00f5es.<br \/>\n\u2022 O software de controle do PCX permite controle preciso da entrega e conserva\u00e7\u00e3o do reagente.<br \/>\n\u2022 A programa\u00e7\u00e3o do gradiente de temperatura do Forno de Coluna melhora a separa\u00e7\u00e3o e tempo de an\u00e1lise. O Pinnacle PCX \u00e9 o \u00fanico sistema p\u00f3s-coluna com esta caracter\u00edstica.<br \/>\n\u2022 Funciona com qualquer sistema HPLC.<\/p>\n","protected":false},"excerpt":{"rendered":"<p>O Pinnacle PCX S\u00e9rie \u00e9 um otimizador de sistema de Derivatiza\u00e7\u00e3o P\u00f3s-coluna de HPLC para an\u00e1lises de amino\u00e1cidos, carbamatos, micotoxinas, antibi\u00f3ticos e muitas outras aplica\u00e7\u00f5es. Este<span class=\"excerpt-hellip\"> [\u2026]<\/span><\/p>\n","protected":false},"featured_media":120,"comment_status":"open","ping_status":"closed","template":"","meta":[],"product_cat":[39],"product_tag":[],"_links":{"self":[{"href":"https:\/\/cromatec.com.br\/index.php\/wp-json\/wp\/v2\/product\/119"}],"collection":[{"href":"https:\/\/cromatec.com.br\/index.php\/wp-json\/wp\/v2\/product"}],"about":[{"href":"https:\/\/cromatec.com.br\/index.php\/wp-json\/wp\/v2\/types\/product"}],"replies":[{"embeddable":true,"href":"https:\/\/cromatec.com.br\/index.php\/wp-json\/wp\/v2\/comments?post=119"}],"wp:featuredmedia":[{"embeddable":true,"href":"https:\/\/cromatec.com.br\/index.php\/wp-json\/wp\/v2\/media\/120"}],"wp:attachment":[{"href":"https:\/\/cromatec.com.br\/index.php\/wp-json\/wp\/v2\/media?parent=119"}],"wp:term":[{"taxonomy":"product_cat","embeddable":true,"href":"https:\/\/cromatec.com.br\/index.php\/wp-json\/wp\/v2\/product_cat?post=119"},{"taxonomy":"product_tag","embeddable":true,"href":"https:\/\/cromatec.com.br\/index.php\/wp-json\/wp\/v2\/product_tag?post=119"}],"curies":[{"name":"wp","href":"https:\/\/api.w.org\/{rel}","templated":true}]}}