{"id":131,"date":"2023-07-28T20:03:40","date_gmt":"2023-07-28T23:03:40","guid":{"rendered":"https:\/\/cromatec.com.br\/?post_type=product&#038;p=131"},"modified":"2023-07-31T11:25:06","modified_gmt":"2023-07-31T14:25:06","slug":"vector-pcx","status":"publish","type":"product","link":"https:\/\/cromatec.com.br\/index.php\/product\/vector-pcx\/","title":{"rendered":"Vector PCX"},"content":{"rendered":"<p>O Vector PCX S\u00e9rie \u00e9 um otimizador de sistema de Derivatiza\u00e7\u00e3o P\u00f3s-coluna de HPLC para an\u00e1lises de amino\u00e1cidos, carbamatos, micotoxinas, antibi\u00f3ticos e muitas outras aplica\u00e7\u00f5es. Este instrumento inovador \u00e9 resultado de 25 anos de experi\u00eancia da Pickering Laboratories em fabrica\u00e7\u00e3o de produtos para an\u00e1lises de p\u00f3s-coluna. Cada componente \u00e9 especialmente desenvolvido para aperfei\u00e7oar a sensibilidade e seletividade de an\u00e1lises de p\u00f3s-coluna.<\/p>\n<p>O Vector PCX apresenta a seletividade e sensitividade para a maioria das aplica\u00e7\u00f5es de derivatiza\u00e7\u00e3o p\u00f3s-coluna com resultados confi\u00e1veis e de f\u00e1cil utiliza\u00e7\u00e3o. Por n\u00e3o possuir um forno de colunas, \u00e9 importante a utiliza\u00e7\u00e3o do forno de colunas do HPLC para garantir estabilidade da coluna e a preven\u00e7\u00e3o de drifts nos tempos de reten\u00e7\u00e3o e problemas de separa\u00e7\u00e3o. Possui a seguintes caracter\u00edsticas:<\/p>\n<ul>\n<li>Bombas Inertes;<\/li>\n<li>Manifold de l\u00edquidos em Peek;<\/li>\n<li>Manifold de gases integrados;<\/li>\n<li>F\u00e1cil acesso e monitoramento dos flu\u00eddos.<\/li>\n<li>Interface de f\u00e1cil utiliza\u00e7\u00e3o, sem a necessidade do computador;<\/li>\n<li>Menor espa\u00e7o de bancada.<\/li>\n<\/ul>\n","protected":false},"excerpt":{"rendered":"<p>O Vector PCX S\u00e9rie \u00e9 um otimizador de sistema de Derivatiza\u00e7\u00e3o P\u00f3s-coluna de HPLC para an\u00e1lises de amino\u00e1cidos, carbamatos, micotoxinas, antibi\u00f3ticos e muitas outras aplica\u00e7\u00f5es. Este<span class=\"excerpt-hellip\"> [\u2026]<\/span><\/p>\n","protected":false},"featured_media":132,"comment_status":"open","ping_status":"closed","template":"","meta":[],"product_cat":[39],"product_tag":[],"_links":{"self":[{"href":"https:\/\/cromatec.com.br\/index.php\/wp-json\/wp\/v2\/product\/131"}],"collection":[{"href":"https:\/\/cromatec.com.br\/index.php\/wp-json\/wp\/v2\/product"}],"about":[{"href":"https:\/\/cromatec.com.br\/index.php\/wp-json\/wp\/v2\/types\/product"}],"replies":[{"embeddable":true,"href":"https:\/\/cromatec.com.br\/index.php\/wp-json\/wp\/v2\/comments?post=131"}],"wp:featuredmedia":[{"embeddable":true,"href":"https:\/\/cromatec.com.br\/index.php\/wp-json\/wp\/v2\/media\/132"}],"wp:attachment":[{"href":"https:\/\/cromatec.com.br\/index.php\/wp-json\/wp\/v2\/media?parent=131"}],"wp:term":[{"taxonomy":"product_cat","embeddable":true,"href":"https:\/\/cromatec.com.br\/index.php\/wp-json\/wp\/v2\/product_cat?post=131"},{"taxonomy":"product_tag","embeddable":true,"href":"https:\/\/cromatec.com.br\/index.php\/wp-json\/wp\/v2\/product_tag?post=131"}],"curies":[{"name":"wp","href":"https:\/\/api.w.org\/{rel}","templated":true}]}}