{"id":133,"date":"2023-07-28T21:34:31","date_gmt":"2023-07-29T00:34:31","guid":{"rendered":"https:\/\/cromatec.com.br\/?post_type=product&#038;p=133"},"modified":"2023-07-31T11:22:46","modified_gmt":"2023-07-31T14:22:46","slug":"derivatizador-fotoquimico-uve","status":"publish","type":"product","link":"https:\/\/cromatec.com.br\/index.php\/product\/derivatizador-fotoquimico-uve\/","title":{"rendered":"Derivatizador Fotoqu\u00edmico &#8211; UVE"},"content":{"rendered":"<p>A Pickeing apresenta o UVE, o novo sistema de detec\u00e7\u00e3o de aflatoxinas, pesticidas Fenilur\u00e9ia, barbit\u00faricos e outros compostos.<\/p>\n<p>A t\u00e9cnica de rea\u00e7\u00e3o \u00e9 simples, barata e flex\u00edvel na qual melhora a sensibilidade e seletividade de uma ampla variedade de analitos. Entre as aplica\u00e7\u00f5es mais comuns s\u00e3o: an\u00e1lise de aflatoxinas em alimentos, pesticidas Fenilur\u00e9ia em \u00e1gua e barbit\u00faricos em amostras biol\u00f3gicas. Permite a identifica\u00e7\u00e3o de compostos intimamente relacionados, tais como polifen\u00f3is.<\/p>\n<p>O m\u00e9todo de Multi-res\u00edduo micotoxinas para DON, aflatoxinas, fumonisinas, ocratoxina A e zearalenona emprega deriva\u00e7\u00e3o fotoqu\u00edmica de aflatoxinas que permitem a detec\u00e7\u00e3o em n\u00edveis sub-ppb. As caracter\u00edsticas principais do equipamento s\u00e3o:<\/p>\n<ul>\n<li>L\u00e2mpada UV de 254nm de baixa press\u00e3o com tubo refletor refrigerado;<\/li>\n<li>Caixa de a\u00e7o robusta para atender aos requisitos de laborat\u00f3rio;<\/li>\n<li>Resultado: picos claros;<\/li>\n<li>Metodologia AOAC;<\/li>\n<li>Volume do reator padr\u00e3o \u00e9 de 1,0 mL.<\/li>\n<\/ul>\n","protected":false},"excerpt":{"rendered":"<p>A Pickeing apresenta o UVE, o novo sistema de detec\u00e7\u00e3o de aflatoxinas, pesticidas Fenilur\u00e9ia, barbit\u00faricos e outros compostos. A t\u00e9cnica de rea\u00e7\u00e3o \u00e9 simples, barata e<span class=\"excerpt-hellip\"> [\u2026]<\/span><\/p>\n","protected":false},"featured_media":134,"comment_status":"open","ping_status":"closed","template":"","meta":[],"product_cat":[39],"product_tag":[],"_links":{"self":[{"href":"https:\/\/cromatec.com.br\/index.php\/wp-json\/wp\/v2\/product\/133"}],"collection":[{"href":"https:\/\/cromatec.com.br\/index.php\/wp-json\/wp\/v2\/product"}],"about":[{"href":"https:\/\/cromatec.com.br\/index.php\/wp-json\/wp\/v2\/types\/product"}],"replies":[{"embeddable":true,"href":"https:\/\/cromatec.com.br\/index.php\/wp-json\/wp\/v2\/comments?post=133"}],"wp:featuredmedia":[{"embeddable":true,"href":"https:\/\/cromatec.com.br\/index.php\/wp-json\/wp\/v2\/media\/134"}],"wp:attachment":[{"href":"https:\/\/cromatec.com.br\/index.php\/wp-json\/wp\/v2\/media?parent=133"}],"wp:term":[{"taxonomy":"product_cat","embeddable":true,"href":"https:\/\/cromatec.com.br\/index.php\/wp-json\/wp\/v2\/product_cat?post=133"},{"taxonomy":"product_tag","embeddable":true,"href":"https:\/\/cromatec.com.br\/index.php\/wp-json\/wp\/v2\/product_tag?post=133"}],"curies":[{"name":"wp","href":"https:\/\/api.w.org\/{rel}","templated":true}]}}