{"id":137,"date":"2023-07-31T10:39:34","date_gmt":"2023-07-31T13:39:34","guid":{"rendered":"https:\/\/cromatec.com.br\/?post_type=product&#038;p=137"},"modified":"2024-07-08T20:17:02","modified_gmt":"2024-07-08T23:17:02","slug":"lithium-columns","status":"publish","type":"product","link":"https:\/\/cromatec.com.br\/index.php\/product\/lithium-columns\/","title":{"rendered":"LITHIUM COLUMNS"},"content":{"rendered":"<p>Promove resolu\u00e7\u00f5es de fase reversa.<\/p>\n<p>As colunas de l\u00edtio possuem alta seletividade e s\u00e3o perfeitas para fluidos fisiol\u00f3gicos e an\u00e1lise de alimentos.<\/p>\n","protected":false},"excerpt":{"rendered":"<p>Promove resolu\u00e7\u00f5es de fase reversa. As colunas de l\u00edtio possuem alta seletividade e s\u00e3o perfeitas para fluidos fisiol\u00f3gicos e an\u00e1lise de alimentos.<\/p>\n","protected":false},"featured_media":141,"comment_status":"open","ping_status":"closed","template":"","meta":[],"product_cat":[41],"product_tag":[],"_links":{"self":[{"href":"https:\/\/cromatec.com.br\/index.php\/wp-json\/wp\/v2\/product\/137"}],"collection":[{"href":"https:\/\/cromatec.com.br\/index.php\/wp-json\/wp\/v2\/product"}],"about":[{"href":"https:\/\/cromatec.com.br\/index.php\/wp-json\/wp\/v2\/types\/product"}],"replies":[{"embeddable":true,"href":"https:\/\/cromatec.com.br\/index.php\/wp-json\/wp\/v2\/comments?post=137"}],"wp:featuredmedia":[{"embeddable":true,"href":"https:\/\/cromatec.com.br\/index.php\/wp-json\/wp\/v2\/media\/141"}],"wp:attachment":[{"href":"https:\/\/cromatec.com.br\/index.php\/wp-json\/wp\/v2\/media?parent=137"}],"wp:term":[{"taxonomy":"product_cat","embeddable":true,"href":"https:\/\/cromatec.com.br\/index.php\/wp-json\/wp\/v2\/product_cat?post=137"},{"taxonomy":"product_tag","embeddable":true,"href":"https:\/\/cromatec.com.br\/index.php\/wp-json\/wp\/v2\/product_tag?post=137"}],"curies":[{"name":"wp","href":"https:\/\/api.w.org\/{rel}","templated":true}]}}