{"id":144,"date":"2023-07-31T10:40:43","date_gmt":"2023-07-31T13:40:43","guid":{"rendered":"https:\/\/cromatec.com.br\/?post_type=product&#038;p=144"},"modified":"2023-07-31T10:40:43","modified_gmt":"2023-07-31T13:40:43","slug":"sodium-columns","status":"publish","type":"product","link":"https:\/\/cromatec.com.br\/index.php\/product\/sodium-columns\/","title":{"rendered":"SODIUM COLUMNS"},"content":{"rendered":"<p>S\u00e3o colunas de troca i\u00f4nica que permitem obter resultados consistentes com sensibilidade, estabilidade, seletividade e velocidade.\u00a0A coluna de s\u00f3dio \u00e9 designada para a an\u00e1lise de amino\u00e1cidos de amostras hidrolisadas.<\/p>\n","protected":false},"excerpt":{"rendered":"<p>S\u00e3o colunas de troca i\u00f4nica que permitem obter resultados consistentes com sensibilidade, estabilidade, seletividade e velocidade.\u00a0A coluna de s\u00f3dio \u00e9 designada para a an\u00e1lise de amino\u00e1cidos<span class=\"excerpt-hellip\"> [\u2026]<\/span><\/p>\n","protected":false},"featured_media":143,"comment_status":"open","ping_status":"closed","template":"","meta":[],"product_cat":[41],"product_tag":[],"_links":{"self":[{"href":"https:\/\/cromatec.com.br\/index.php\/wp-json\/wp\/v2\/product\/144"}],"collection":[{"href":"https:\/\/cromatec.com.br\/index.php\/wp-json\/wp\/v2\/product"}],"about":[{"href":"https:\/\/cromatec.com.br\/index.php\/wp-json\/wp\/v2\/types\/product"}],"replies":[{"embeddable":true,"href":"https:\/\/cromatec.com.br\/index.php\/wp-json\/wp\/v2\/comments?post=144"}],"wp:featuredmedia":[{"embeddable":true,"href":"https:\/\/cromatec.com.br\/index.php\/wp-json\/wp\/v2\/media\/143"}],"wp:attachment":[{"href":"https:\/\/cromatec.com.br\/index.php\/wp-json\/wp\/v2\/media?parent=144"}],"wp:term":[{"taxonomy":"product_cat","embeddable":true,"href":"https:\/\/cromatec.com.br\/index.php\/wp-json\/wp\/v2\/product_cat?post=144"},{"taxonomy":"product_tag","embeddable":true,"href":"https:\/\/cromatec.com.br\/index.php\/wp-json\/wp\/v2\/product_tag?post=144"}],"curies":[{"name":"wp","href":"https:\/\/api.w.org\/{rel}","templated":true}]}}