{"id":145,"date":"2023-07-31T10:41:54","date_gmt":"2023-07-31T13:41:54","guid":{"rendered":"https:\/\/cromatec.com.br\/?post_type=product&#038;p=145"},"modified":"2024-07-11T11:29:59","modified_gmt":"2024-07-11T14:29:59","slug":"alkion-columns","status":"publish","type":"product","link":"https:\/\/cromatec.com.br\/index.php\/product\/alkion-columns\/","title":{"rendered":"ALKION COLUMNS"},"content":{"rendered":"<p>Projetada com fase estacion\u00e1ria, polim\u00e9rica r\u00edgida, n\u00e3o porosa, a ALKION \u00e9 uma coluna de troca i\u00f4nica. Sua baixa capacidade de resina de troca i\u00f3nica torna-a uma coluna ideal para a separa\u00e7\u00e3o de compostos fortemente b\u00e1sicos e carregados positivamente.<\/p>\n<p>As propriedades \u00fanicas desta coluna permitem a sua utiliza\u00e7\u00e3o numa vasta gama de aplica\u00e7\u00f5es.<\/p>\n","protected":false},"excerpt":{"rendered":"<p>Projetada com fase estacion\u00e1ria, polim\u00e9rica r\u00edgida, n\u00e3o porosa, a ALKION \u00e9 uma coluna de troca i\u00f4nica. Sua baixa capacidade de resina de troca i\u00f3nica torna-a uma<span class=\"excerpt-hellip\"> [\u2026]<\/span><\/p>\n","protected":false},"featured_media":139,"comment_status":"open","ping_status":"closed","template":"","meta":[],"product_cat":[41],"product_tag":[],"_links":{"self":[{"href":"https:\/\/cromatec.com.br\/index.php\/wp-json\/wp\/v2\/product\/145"}],"collection":[{"href":"https:\/\/cromatec.com.br\/index.php\/wp-json\/wp\/v2\/product"}],"about":[{"href":"https:\/\/cromatec.com.br\/index.php\/wp-json\/wp\/v2\/types\/product"}],"replies":[{"embeddable":true,"href":"https:\/\/cromatec.com.br\/index.php\/wp-json\/wp\/v2\/comments?post=145"}],"wp:featuredmedia":[{"embeddable":true,"href":"https:\/\/cromatec.com.br\/index.php\/wp-json\/wp\/v2\/media\/139"}],"wp:attachment":[{"href":"https:\/\/cromatec.com.br\/index.php\/wp-json\/wp\/v2\/media?parent=145"}],"wp:term":[{"taxonomy":"product_cat","embeddable":true,"href":"https:\/\/cromatec.com.br\/index.php\/wp-json\/wp\/v2\/product_cat?post=145"},{"taxonomy":"product_tag","embeddable":true,"href":"https:\/\/cromatec.com.br\/index.php\/wp-json\/wp\/v2\/product_tag?post=145"}],"curies":[{"name":"wp","href":"https:\/\/api.w.org\/{rel}","templated":true}]}}