{"id":146,"date":"2023-07-31T10:42:47","date_gmt":"2023-07-31T13:42:47","guid":{"rendered":"https:\/\/cromatec.com.br\/?post_type=product&#038;p=146"},"modified":"2023-07-31T11:33:13","modified_gmt":"2023-07-31T14:33:13","slug":"carbamate-pesticides-columns","status":"publish","type":"product","link":"https:\/\/cromatec.com.br\/index.php\/product\/carbamate-pesticides-columns\/","title":{"rendered":"CARBAMATE PESTICIDES\u00a0COLUMNS"},"content":{"rendered":"<p>Projetadas para garantir a separa\u00e7\u00e3o de res\u00edduos de carbamato, especificados pelos m\u00e9todos da EPA 531,1, 531,2 EPA e AOAC 985.23.<\/p>\n","protected":false},"excerpt":{"rendered":"<p>Projetadas para garantir a separa\u00e7\u00e3o de res\u00edduos de carbamato, especificados pelos m\u00e9todos da EPA 531,1, 531,2 EPA e AOAC 985.23.<\/p>\n","protected":false},"featured_media":140,"comment_status":"open","ping_status":"closed","template":"","meta":[],"product_cat":[41],"product_tag":[],"_links":{"self":[{"href":"https:\/\/cromatec.com.br\/index.php\/wp-json\/wp\/v2\/product\/146"}],"collection":[{"href":"https:\/\/cromatec.com.br\/index.php\/wp-json\/wp\/v2\/product"}],"about":[{"href":"https:\/\/cromatec.com.br\/index.php\/wp-json\/wp\/v2\/types\/product"}],"replies":[{"embeddable":true,"href":"https:\/\/cromatec.com.br\/index.php\/wp-json\/wp\/v2\/comments?post=146"}],"wp:featuredmedia":[{"embeddable":true,"href":"https:\/\/cromatec.com.br\/index.php\/wp-json\/wp\/v2\/media\/140"}],"wp:attachment":[{"href":"https:\/\/cromatec.com.br\/index.php\/wp-json\/wp\/v2\/media?parent=146"}],"wp:term":[{"taxonomy":"product_cat","embeddable":true,"href":"https:\/\/cromatec.com.br\/index.php\/wp-json\/wp\/v2\/product_cat?post=146"},{"taxonomy":"product_tag","embeddable":true,"href":"https:\/\/cromatec.com.br\/index.php\/wp-json\/wp\/v2\/product_tag?post=146"}],"curies":[{"name":"wp","href":"https:\/\/api.w.org\/{rel}","templated":true}]}}