{"id":149,"date":"2023-07-31T10:50:24","date_gmt":"2023-07-31T13:50:24","guid":{"rendered":"https:\/\/cromatec.com.br\/?post_type=product&#038;p=149"},"modified":"2023-07-31T11:35:22","modified_gmt":"2023-07-31T14:35:22","slug":"glyphosate-herbicide-analysis-columns","status":"publish","type":"product","link":"https:\/\/cromatec.com.br\/index.php\/product\/glyphosate-herbicide-analysis-columns\/","title":{"rendered":"GLYPHOSATE HERBICIDE ANALYSIS\u00a0COLUMNS"},"content":{"rendered":"<p>Projetada e testada para an\u00e1lise de glifosato e \u00e1cido aminometilfosf\u00f4nico prim\u00e1rio (AMPA).\u00a0Este m\u00e9todo fornece separa\u00e7\u00e3o isocr\u00e1tica dos picos de interesse e desempenho excepcional.<\/p>\n","protected":false},"excerpt":{"rendered":"<p>Projetada e testada para an\u00e1lise de glifosato e \u00e1cido aminometilfosf\u00f4nico prim\u00e1rio (AMPA).\u00a0Este m\u00e9todo fornece separa\u00e7\u00e3o isocr\u00e1tica dos picos de interesse e desempenho excepcional.<\/p>\n","protected":false},"featured_media":138,"comment_status":"open","ping_status":"closed","template":"","meta":[],"product_cat":[41],"product_tag":[],"_links":{"self":[{"href":"https:\/\/cromatec.com.br\/index.php\/wp-json\/wp\/v2\/product\/149"}],"collection":[{"href":"https:\/\/cromatec.com.br\/index.php\/wp-json\/wp\/v2\/product"}],"about":[{"href":"https:\/\/cromatec.com.br\/index.php\/wp-json\/wp\/v2\/types\/product"}],"replies":[{"embeddable":true,"href":"https:\/\/cromatec.com.br\/index.php\/wp-json\/wp\/v2\/comments?post=149"}],"wp:featuredmedia":[{"embeddable":true,"href":"https:\/\/cromatec.com.br\/index.php\/wp-json\/wp\/v2\/media\/138"}],"wp:attachment":[{"href":"https:\/\/cromatec.com.br\/index.php\/wp-json\/wp\/v2\/media?parent=149"}],"wp:term":[{"taxonomy":"product_cat","embeddable":true,"href":"https:\/\/cromatec.com.br\/index.php\/wp-json\/wp\/v2\/product_cat?post=149"},{"taxonomy":"product_tag","embeddable":true,"href":"https:\/\/cromatec.com.br\/index.php\/wp-json\/wp\/v2\/product_tag?post=149"}],"curies":[{"name":"wp","href":"https:\/\/api.w.org\/{rel}","templated":true}]}}