{"id":150,"date":"2023-07-31T10:51:51","date_gmt":"2023-07-31T13:51:51","guid":{"rendered":"https:\/\/cromatec.com.br\/?post_type=product&#038;p=150"},"modified":"2023-07-31T11:36:41","modified_gmt":"2023-07-31T14:36:41","slug":"mycotox-columns","status":"publish","type":"product","link":"https:\/\/cromatec.com.br\/index.php\/product\/mycotox-columns\/","title":{"rendered":"MYCOTOX COLUMNS"},"content":{"rendered":"<p>An\u00e1lise de aflatoxinas.<\/p>\n<p>As aflatoxinas s\u00e3o toxinas que pertencem \u00e0 classe das micotoxinas.\u00a0Elas s\u00e3o produzidas por fungos e podem estar presentes em amendoim, farinha de amendoim, farinha de sementes de algod\u00e3o, trigo, leite, em muitos outros alimentos e ra\u00e7\u00f5es.<\/p>\n<p>A caracter\u00edstica mais importante desta coluna \u00e9 que todas as aflatoxinas s\u00e3o detect\u00e1veis no mesmo comprimento de onda, por fluoresc\u00eancia e em uma \u00fanica an\u00e1lise de HPLC isocr\u00e1tica.<\/p>\n","protected":false},"excerpt":{"rendered":"<p>An\u00e1lise de aflatoxinas. As aflatoxinas s\u00e3o toxinas que pertencem \u00e0 classe das micotoxinas.\u00a0Elas s\u00e3o produzidas por fungos e podem estar presentes em amendoim, farinha de amendoim,<span class=\"excerpt-hellip\"> [\u2026]<\/span><\/p>\n","protected":false},"featured_media":142,"comment_status":"open","ping_status":"closed","template":"","meta":[],"product_cat":[41],"product_tag":[],"_links":{"self":[{"href":"https:\/\/cromatec.com.br\/index.php\/wp-json\/wp\/v2\/product\/150"}],"collection":[{"href":"https:\/\/cromatec.com.br\/index.php\/wp-json\/wp\/v2\/product"}],"about":[{"href":"https:\/\/cromatec.com.br\/index.php\/wp-json\/wp\/v2\/types\/product"}],"replies":[{"embeddable":true,"href":"https:\/\/cromatec.com.br\/index.php\/wp-json\/wp\/v2\/comments?post=150"}],"wp:featuredmedia":[{"embeddable":true,"href":"https:\/\/cromatec.com.br\/index.php\/wp-json\/wp\/v2\/media\/142"}],"wp:attachment":[{"href":"https:\/\/cromatec.com.br\/index.php\/wp-json\/wp\/v2\/media?parent=150"}],"wp:term":[{"taxonomy":"product_cat","embeddable":true,"href":"https:\/\/cromatec.com.br\/index.php\/wp-json\/wp\/v2\/product_cat?post=150"},{"taxonomy":"product_tag","embeddable":true,"href":"https:\/\/cromatec.com.br\/index.php\/wp-json\/wp\/v2\/product_tag?post=150"}],"curies":[{"name":"wp","href":"https:\/\/api.w.org\/{rel}","templated":true}]}}